{"id":24,"date":"2014-05-19T10:05:18","date_gmt":"2014-05-19T09:05:18","guid":{"rendered":"http:\/\/ortholux.lu\/wp\/?page_id=24"},"modified":"2015-02-13T12:08:26","modified_gmt":"2015-02-13T11:08:26","slug":"dr-henri-schlammes","status":"publish","type":"page","link":"https:\/\/ortholux.lu\/wp\/medecins\/dr-henri-schlammes\/","title":{"rendered":"Dr Henri SCHLAMMES"},"content":{"rendered":"<h3>CONSULTATIONS SUR RENDEZ-VOUS<\/h3>\n<p>Par t\u00e9l\u00e9phone au +352 2468 4310<\/p>\n<h3>ADRESSE CABINET PRIV\u00c9<\/h3>\n<p>H\u00f4pital Kirchberg,<br \/>\n9, rue Edward Steichen<br \/>\nL-2540 Luxembourg<\/p>\n","protected":false},"excerpt":{"rendered":"<p>CONSULTATIONS SUR RENDEZ-VOUS Par t\u00e9l\u00e9phone au +352 2468 4310 ADRESSE CABINET PRIV\u00c9 H\u00f4pital Kirchberg, 9, rue Edward Steichen L-2540 Luxembourg<\/p>\n","protected":false},"author":1,"featured_media":110,"parent":2,"menu_order":1,"comment_status":"open","ping_status":"open","template":"sidebar-doctor-page.php","meta":{"footnotes":""},"class_list":["post-24","page","type-page","status-publish","has-post-thumbnail","hentry"],"_links":{"self":[{"href":"https:\/\/ortholux.lu\/wp\/wp-json\/wp\/v2\/pages\/24","targetHints":{"allow":["GET"]}}],"collection":[{"href":"https:\/\/ortholux.lu\/wp\/wp-json\/wp\/v2\/pages"}],"about":[{"href":"https:\/\/ortholux.lu\/wp\/wp-json\/wp\/v2\/types\/page"}],"author":[{"embeddable":true,"href":"https:\/\/ortholux.lu\/wp\/wp-json\/wp\/v2\/users\/1"}],"replies":[{"embeddable":true,"href":"https:\/\/ortholux.lu\/wp\/wp-json\/wp\/v2\/comments?post=24"}],"version-history":[{"count":10,"href":"https:\/\/ortholux.lu\/wp\/wp-json\/wp\/v2\/pages\/24\/revisions"}],"predecessor-version":[{"id":455,"href":"https:\/\/ortholux.lu\/wp\/wp-json\/wp\/v2\/pages\/24\/revisions\/455"}],"up":[{"embeddable":true,"href":"https:\/\/ortholux.lu\/wp\/wp-json\/wp\/v2\/pages\/2"}],"wp:featuredmedia":[{"embeddable":true,"href":"https:\/\/ortholux.lu\/wp\/wp-json\/wp\/v2\/media\/110"}],"wp:attachment":[{"href":"https:\/\/ortholux.lu\/wp\/wp-json\/wp\/v2\/media?parent=24"}],"curies":[{"name":"wp","href":"https:\/\/api.w.org\/{rel}","templated":true}]}}