{"id":232,"date":"2014-07-07T15:25:16","date_gmt":"2014-07-07T14:25:16","guid":{"rendered":"http:\/\/ortholux.lu\/wp\/?page_id=232"},"modified":"2015-02-13T12:07:46","modified_gmt":"2015-02-13T11:07:46","slug":"dr-rainer-falcone","status":"publish","type":"page","link":"https:\/\/ortholux.lu\/wp\/medecins\/dr-rainer-falcone\/","title":{"rendered":"Dr Rainer FALCONE"},"content":{"rendered":"<h2>CONSULTATIONS SUR RENDEZ-VOUS<\/h2>\n<p>Par t\u00e9l\u00e9phone au +352 2468 4141<\/p>\n<h2>ADRESSE CABINET PRIV\u00c9<\/h2>\n<p>Institut Europ\u00e9en de la Main<br \/>\n9, rue Edward Steichen<br \/>\nL-2540 Luxembourg<\/p>\n","protected":false},"excerpt":{"rendered":"<p>CONSULTATIONS SUR RENDEZ-VOUS Par t\u00e9l\u00e9phone au +352 2468 4141 ADRESSE CABINET PRIV\u00c9 Institut Europ\u00e9en de la Main 9, rue Edward Steichen L-2540 Luxembourg<\/p>\n","protected":false},"author":1,"featured_media":116,"parent":2,"menu_order":0,"comment_status":"open","ping_status":"open","template":"sidebar-doctor-page.php","meta":{"footnotes":""},"class_list":["post-232","page","type-page","status-publish","has-post-thumbnail","hentry"],"_links":{"self":[{"href":"https:\/\/ortholux.lu\/wp\/wp-json\/wp\/v2\/pages\/232","targetHints":{"allow":["GET"]}}],"collection":[{"href":"https:\/\/ortholux.lu\/wp\/wp-json\/wp\/v2\/pages"}],"about":[{"href":"https:\/\/ortholux.lu\/wp\/wp-json\/wp\/v2\/types\/page"}],"author":[{"embeddable":true,"href":"https:\/\/ortholux.lu\/wp\/wp-json\/wp\/v2\/users\/1"}],"replies":[{"embeddable":true,"href":"https:\/\/ortholux.lu\/wp\/wp-json\/wp\/v2\/comments?post=232"}],"version-history":[{"count":5,"href":"https:\/\/ortholux.lu\/wp\/wp-json\/wp\/v2\/pages\/232\/revisions"}],"predecessor-version":[{"id":448,"href":"https:\/\/ortholux.lu\/wp\/wp-json\/wp\/v2\/pages\/232\/revisions\/448"}],"up":[{"embeddable":true,"href":"https:\/\/ortholux.lu\/wp\/wp-json\/wp\/v2\/pages\/2"}],"wp:featuredmedia":[{"embeddable":true,"href":"https:\/\/ortholux.lu\/wp\/wp-json\/wp\/v2\/media\/116"}],"wp:attachment":[{"href":"https:\/\/ortholux.lu\/wp\/wp-json\/wp\/v2\/media?parent=232"}],"curies":[{"name":"wp","href":"https:\/\/api.w.org\/{rel}","templated":true}]}}